{"id":1751,"date":"2020-03-10T10:00:50","date_gmt":"2020-03-10T09:00:50","guid":{"rendered":"https:\/\/www.gard-camping.com\/faq\/"},"modified":"2024-10-25T13:06:00","modified_gmt":"2024-10-25T11:06:00","slug":"hgf","status":"publish","type":"page","link":"https:\/\/www.gard-camping.com\/de\/hgf\/","title":{"rendered":"HGF"},"content":{"rendered":"<div class=\"fusion-fullwidth fullwidth-box fusion-builder-row-1 nonhundred-percent-fullwidth non-hundred-percent-height-scrolling\" style=\"--awb-border-radius-top-left:0px;--awb-border-radius-top-right:0px;--awb-border-radius-bottom-right:0px;--awb-border-radius-bottom-left:0px;--awb-flex-wrap:wrap;\" ><div class=\"fusion-builder-row fusion-row\"><div class=\"fusion-layout-column fusion_builder_column fusion-builder-column-0 fusion_builder_column_1_1 1_1 fusion-one-full fusion-column-first fusion-column-last\" style=\"--awb-bg-size:cover;\"><div class=\"fusion-column-wrapper fusion-column-has-shadow fusion-flex-column-wrapper-legacy\"><div class=\"fusion-title title fusion-title-1 fusion-sep-none fusion-title-center fusion-title-highlight fusion-animate-once fusion-highlight-underline fusion-title-size-two title-max\" style=\"--awb-margin-bottom:50px;\" data-highlight=\"underline\"><h2 class=\"fusion-title-heading title-heading-center fusion-responsive-typography-calculated\" style=\"margin:0;--fontSize:24;--minFontSize:24;line-height:1.5;\"><span class=\"fusion-highlighted-text-prefix\"><\/span> <span class=\"fusion-highlighted-text-wrapper\"><span class=\"fusion-highlighted-text\">H\u00e4ufig gestellte Fragen<\/span><svg xmlns=\"http:\/\/www.w3.org\/2000\/svg\" viewBox=\"0 0 500 150\" preserveAspectRatio=\"none\"><path d=\"M8.1,146.2c0,0,240.6-55.6,479-13.8\"><\/path><\/svg><\/span> <span class=\"fusion-highlighted-text-postfix\"><\/span><\/h2><\/div><div class=\"accordian fusion-accordian\" style=\"--awb-border-size:1px;--awb-icon-size:16px;--awb-content-font-size:17px;--awb-icon-alignment:left;--awb-hover-color:#f9f9fb;--awb-border-color:#e2e2e2;--awb-background-color:#ffffff;--awb-divider-color:#e0dede;--awb-divider-hover-color:#e0dede;--awb-icon-color:#ffffff;--awb-title-color:#555555;--awb-content-color:#555555;--awb-icon-box-color:#0e5f96;--awb-toggle-hover-accent-color:#1095d3;--awb-title-font-family:&quot;Annifont&quot;;--awb-title-font-weight:400;--awb-title-font-style:normal;--awb-title-font-size:15px;--awb-content-font-family:&quot;Calibri&quot;;--awb-content-font-style:normal;--awb-content-font-weight:400;\"><div class=\"panel-group fusion-toggle-icon-boxed\" id=\"accordion-1751-1\"><div class=\"fusion-panel panel-default panel-68ed9f2507bbb1f00 fusion-toggle-has-divider\"><div class=\"panel-heading\"><h4 class=\"panel-title toggle\" id=\"toggle_68ed9f2507bbb1f00\"><a aria-expanded=\"false\" aria-controls=\"68ed9f2507bbb1f00\" role=\"button\" data-toggle=\"collapse\" data-parent=\"#accordion-1751-1\" data-target=\"#68ed9f2507bbb1f00\" href=\"#68ed9f2507bbb1f00\"><span class=\"fusion-toggle-icon-wrapper\" aria-hidden=\"true\"><i class=\"fa-fusion-box active-icon awb-icon-minus\" aria-hidden=\"true\"><\/i><i class=\"fa-fusion-box inactive-icon awb-icon-plus\" aria-hidden=\"true\"><\/i><\/span><span class=\"fusion-toggle-heading\">Welche Zahlungsmethoden werden f\u00fcr die Einzahlung akzeptiert?<\/span><\/a><\/h4><\/div><div id=\"68ed9f2507bbb1f00\" class=\"panel-collapse collapse \" aria-labelledby=\"toggle_68ed9f2507bbb1f00\"><div class=\"panel-body toggle-content fusion-clearfix\">Sie k\u00f6nnen Ihrer Anzahlung per Bank\u00fcberweisung, oder Kreditkarte, bezahlen.<\/p>\n<p>Eine Reservierung ist erst nach Empfang der Anzahlung definitiv. Nach Ihrer Anfrage haben Sie 8 Tagen Zeit um Ihrer Anzahlung in Ordnung zu machen.<\/p>\n<p>Wann wir es nicht zeitig empfangen haben, wird Ihre Option von uns st\u00f6rniert.<\/div><\/div><\/div><\/div><\/div><div class=\"accordian fusion-accordian\" style=\"--awb-border-size:1px;--awb-icon-size:16px;--awb-content-font-size:17px;--awb-icon-alignment:left;--awb-hover-color:#f9f9fb;--awb-border-color:#e2e2e2;--awb-background-color:#ffffff;--awb-divider-color:#e0dede;--awb-divider-hover-color:#e0dede;--awb-icon-color:#ffffff;--awb-title-color:#555555;--awb-content-color:#555555;--awb-icon-box-color:#0e5f96;--awb-toggle-hover-accent-color:#1095d3;--awb-title-font-family:&quot;Annifont&quot;;--awb-title-font-weight:400;--awb-title-font-style:normal;--awb-title-font-size:15px;--awb-content-font-family:&quot;Calibri&quot;;--awb-content-font-style:normal;--awb-content-font-weight:400;\"><div class=\"panel-group fusion-toggle-icon-boxed\" id=\"accordion-1751-2\"><div class=\"fusion-panel panel-default panel-f8656bdd5f6bb9c9b fusion-toggle-has-divider\"><div class=\"panel-heading\"><h4 class=\"panel-title toggle\" id=\"toggle_f8656bdd5f6bb9c9b\"><a aria-expanded=\"false\" aria-controls=\"f8656bdd5f6bb9c9b\" role=\"button\" data-toggle=\"collapse\" data-parent=\"#accordion-1751-2\" data-target=\"#f8656bdd5f6bb9c9b\" href=\"#f8656bdd5f6bb9c9b\"><span class=\"fusion-toggle-icon-wrapper\" aria-hidden=\"true\"><i class=\"fa-fusion-box active-icon awb-icon-minus\" aria-hidden=\"true\"><\/i><i class=\"fa-fusion-box inactive-icon awb-icon-plus\" aria-hidden=\"true\"><\/i><\/span><span class=\"fusion-toggle-heading\">Wann darf ich den Restbetrag f\u00fcr meine Aufenthalt bezahlen?<\/span><\/a><\/h4><\/div><div id=\"f8656bdd5f6bb9c9b\" class=\"panel-collapse collapse \" aria-labelledby=\"toggle_f8656bdd5f6bb9c9b\"><div class=\"panel-body toggle-content fusion-clearfix\">\n<p><strong>F\u00fcr ein Mietunterkunft<\/strong> d\u00fcrfen Sie den Restbetrag 1 Monat vor Ihre Ankunft an uns bezahlen. Sie k\u00f6nnen \u00fcber eine Bank\u00fcberweisung,oder mit einen Kreditkarte bezahlen.<\/p>\n<p><strong>F\u00fcr Stellpl\u00e4tzen<\/strong> bezahlen Sie Ihren Aufenthalt am Anreisetag mit einen Kreditkarte, oder in bargeld.<\/p>\n<\/div><\/div><\/div><\/div><\/div><div class=\"accordian fusion-accordian\" style=\"--awb-border-size:1px;--awb-icon-size:16px;--awb-content-font-size:17px;--awb-icon-alignment:left;--awb-hover-color:#f9f9fb;--awb-border-color:#e2e2e2;--awb-background-color:#ffffff;--awb-divider-color:#e0dede;--awb-divider-hover-color:#e0dede;--awb-icon-color:#ffffff;--awb-title-color:#555555;--awb-content-color:#555555;--awb-icon-box-color:#0e5f96;--awb-toggle-hover-accent-color:#1095d3;--awb-title-font-family:&quot;Annifont&quot;;--awb-title-font-weight:400;--awb-title-font-style:normal;--awb-title-font-size:15px;--awb-content-font-family:&quot;Calibri&quot;;--awb-content-font-style:normal;--awb-content-font-weight:400;\"><div class=\"panel-group fusion-toggle-icon-boxed\" id=\"accordion-1751-3\"><div class=\"fusion-panel panel-default panel-4c5a326b0d6a831b6 fusion-toggle-has-divider\"><div class=\"panel-heading\"><h4 class=\"panel-title toggle\" id=\"toggle_4c5a326b0d6a831b6\"><a aria-expanded=\"false\" aria-controls=\"4c5a326b0d6a831b6\" role=\"button\" data-toggle=\"collapse\" data-parent=\"#accordion-1751-3\" data-target=\"#4c5a326b0d6a831b6\" href=\"#4c5a326b0d6a831b6\"><span class=\"fusion-toggle-icon-wrapper\" aria-hidden=\"true\"><i class=\"fa-fusion-box active-icon awb-icon-minus\" aria-hidden=\"true\"><\/i><i class=\"fa-fusion-box inactive-icon awb-icon-plus\" aria-hidden=\"true\"><\/i><\/span><span class=\"fusion-toggle-heading\">Warum eine annulierungssversicherung abschlie\u00dfen und was deckt es?<\/span><\/a><\/h4><\/div><div id=\"4c5a326b0d6a831b6\" class=\"panel-collapse collapse \" aria-labelledby=\"toggle_4c5a326b0d6a831b6\"><div class=\"panel-body toggle-content fusion-clearfix\">Die von der Annullierungsversicherung gedeckten Ereignisse sind (sehe unterstehende Liste): Tod, Krankheit, schwere K\u00f6rperverletzung, Krankenhausaufenthalt von Ihnen oder einem nabeies Familienmitglied, Entlassung oder Arbeitssuche, Einbruch oder gr\u00f6\u00dfere Sachsch\u00e4den an Ihrem Hauptwohnung.<br \/>\nDer Betrag von 3% des Aufenthaltes und in voller H\u00f6he erst bei der Buchung zu zahlen, dieser Betrag wird zu der Anzahlung, die zu leisten ist, hinzugef\u00fcgt.<br \/>\nLaden Sie die <a href=\"https:\/\/www.gard-camping.com\/pdf\/assurance-annulation-de.pdf\" target=\"_blank\" rel=\"noopener noreferrer\"><strong>allgemeinen Bedingungen der Annullierungsversicherung<\/strong><\/a> auf unserem website mal herunter.<\/p>\n<p>Ohne Versicherung und wenn Sie Ihre Reservierung mehr als 30 Tage vor dem Ankunftdatum des Aufenthalts stornieren, wird die geleistete Anzahlung behalten. Wenn Sie weniger als 30 Tage vor Beginn Ihres Aufenthalts stornieren, wird der Restbetrag in voller H\u00f6he eingefordert.<\/div><\/div><\/div><\/div><\/div><div class=\"accordian fusion-accordian\" style=\"--awb-border-size:1px;--awb-icon-size:16px;--awb-content-font-size:17px;--awb-icon-alignment:left;--awb-hover-color:#f9f9fb;--awb-border-color:#e2e2e2;--awb-background-color:#ffffff;--awb-divider-color:#e0dede;--awb-divider-hover-color:#e0dede;--awb-icon-color:#ffffff;--awb-title-color:#555555;--awb-content-color:#555555;--awb-icon-box-color:#0e5f96;--awb-toggle-hover-accent-color:#1095d3;--awb-title-font-family:&quot;Annifont&quot;;--awb-title-font-weight:400;--awb-title-font-style:normal;--awb-title-font-size:15px;--awb-content-font-family:&quot;Calibri&quot;;--awb-content-font-style:normal;--awb-content-font-weight:400;\"><div class=\"panel-group fusion-toggle-icon-boxed\" id=\"accordion-1751-4\"><div class=\"fusion-panel panel-default panel-bc10dd5433f9e7983 fusion-toggle-has-divider\"><div class=\"panel-heading\"><h4 class=\"panel-title toggle\" id=\"toggle_bc10dd5433f9e7983\"><a aria-expanded=\"false\" aria-controls=\"bc10dd5433f9e7983\" role=\"button\" data-toggle=\"collapse\" data-parent=\"#accordion-1751-4\" data-target=\"#bc10dd5433f9e7983\" href=\"#bc10dd5433f9e7983\"><span class=\"fusion-toggle-icon-wrapper\" aria-hidden=\"true\"><i class=\"fa-fusion-box active-icon awb-icon-minus\" aria-hidden=\"true\"><\/i><i class=\"fa-fusion-box inactive-icon awb-icon-plus\" aria-hidden=\"true\"><\/i><\/span><span class=\"fusion-toggle-heading\">Wie passiert meine Ankunft auf dem Campingplatz?<\/span><\/a><\/h4><\/div><div id=\"bc10dd5433f9e7983\" class=\"panel-collapse collapse \" aria-labelledby=\"toggle_bc10dd5433f9e7983\"><div class=\"panel-body toggle-content fusion-clearfix\">Bitte parken Sie am Anreisetag auf dem Parkplatz vor den Eingang des Campingplatzes und gehen Sie mit Ihren Best\u00e4tigung und einem Ausweis nach die Rezeption.<br \/>\nDie Ankunftszeiten f\u00fcr die <strong>Stellpl\u00e4tze<\/strong> sind von <strong>13.00 Uhr bis 19.00 Uhr<\/strong>.<br \/>\nDie Ank\u00fcnfte f\u00fcr die <strong>Vermietungen<\/strong> sind von <strong>16.00 bis 19.00 Uhr<\/strong>.<\/p>\n<p>Im Falle einer versp\u00e4teten Ankunft wenden Sie sich bitte an die Rezeption unter 0(033)4 66 82 24 99, um uns dar\u00fcber zu informieren; wir werden Ihnen mitteilen wie zur h\u00e4ndeln<\/p>\n<p>Bei Ankunft vor 13.00 Uhr d\u00fcrfen Sie sich erst an der Rezeption melden, und wenn Ihr Platz frei is, und Sie Zustimmung bekommen haben, k\u00f6nnen Sie ihr Materiel bereits installieren.<br \/>\nWenn Sie bereits vor 16.00 Uhr f\u00fcr eine Mietunterkunft ankommen, m\u00fcssen Sie sich erst an drr Rezeption melden, um die Formalit\u00e4ten zu erledigen, und sobald Ihre Miet unterkunft fertig ist, werden Sie Zugang bekommen. Wir garantieren das ihr Mietunterkunft sp\u00e4testens um 16 Uhr fertig ist.<\/div><\/div><\/div><\/div><\/div><div class=\"accordian fusion-accordian\" style=\"--awb-border-size:1px;--awb-icon-size:16px;--awb-content-font-size:17px;--awb-icon-alignment:left;--awb-hover-color:#f9f9fb;--awb-border-color:#e2e2e2;--awb-background-color:#ffffff;--awb-divider-color:#e0dede;--awb-divider-hover-color:#e0dede;--awb-icon-color:#ffffff;--awb-title-color:#555555;--awb-content-color:#555555;--awb-icon-box-color:#0e5f96;--awb-toggle-hover-accent-color:#1095d3;--awb-title-font-family:&quot;Annifont&quot;;--awb-title-font-weight:400;--awb-title-font-style:normal;--awb-title-font-size:15px;--awb-content-font-family:&quot;Calibri&quot;;--awb-content-font-style:normal;--awb-content-font-weight:400;\"><div class=\"panel-group fusion-toggle-icon-boxed\" id=\"accordion-1751-5\"><div class=\"fusion-panel panel-default panel-f515e147b23ac372e fusion-toggle-has-divider\"><div class=\"panel-heading\"><h4 class=\"panel-title toggle\" id=\"toggle_f515e147b23ac372e\"><a aria-expanded=\"false\" aria-controls=\"f515e147b23ac372e\" role=\"button\" data-toggle=\"collapse\" data-parent=\"#accordion-1751-5\" data-target=\"#f515e147b23ac372e\" href=\"#f515e147b23ac372e\"><span class=\"fusion-toggle-icon-wrapper\" aria-hidden=\"true\"><i class=\"fa-fusion-box active-icon awb-icon-minus\" aria-hidden=\"true\"><\/i><i class=\"fa-fusion-box inactive-icon awb-icon-plus\" aria-hidden=\"true\"><\/i><\/span><span class=\"fusion-toggle-heading\">Ist der Kinderclub gegen bezahlung?<\/span><\/a><\/h4><\/div><div id=\"f515e147b23ac372e\" class=\"panel-collapse collapse \" aria-labelledby=\"toggle_f515e147b23ac372e\"><div class=\"panel-body toggle-content fusion-clearfix\">Der Kinderclub ist jeden Tag (Juli-August) au\u00dferhalb samstags von 10 bis 12 Uhr f\u00fcr Kinder von 5 bis 12 Jahren ge\u00f6ffnet. Die Kinderanimation ist frei. Die Kinder m\u00fcssen selbstst\u00e4ndig sein (auf die Toiletten gehen k\u00f6nnen, und, zur\u00fcck nach ihren Stellplatz gehen. k\u00f6nnen..), es handelt sich nicht um ein Kindergarten. An verschiedene Abenden gibt es Aktivit\u00e4ten im Schwimmbad. Jeder Sonntagmorgen wird ein Programm f\u00fcr die ganze Woche aufgeh\u00e4ngt.<\/p>\n<p>Die kleinsten Kinder m\u00fcssen von einem Erwachsene, oder einem gro\u00dfen Bruder oder einer gro\u00dfen Schwester nach den Aktivit\u00e4ten begleitet werden.<\/div><\/div><\/div><\/div><\/div><div class=\"accordian fusion-accordian\" style=\"--awb-border-size:1px;--awb-icon-size:16px;--awb-content-font-size:17px;--awb-icon-alignment:left;--awb-hover-color:#f9f9fb;--awb-border-color:#e2e2e2;--awb-background-color:#ffffff;--awb-divider-color:#e0dede;--awb-divider-hover-color:#e0dede;--awb-icon-color:#ffffff;--awb-title-color:#555555;--awb-content-color:#555555;--awb-icon-box-color:#0e5f96;--awb-toggle-hover-accent-color:#1095d3;--awb-title-font-family:&quot;Annifont&quot;;--awb-title-font-weight:400;--awb-title-font-style:normal;--awb-title-font-size:15px;--awb-content-font-family:&quot;Calibri&quot;;--awb-content-font-style:normal;--awb-content-font-weight:400;\"><div class=\"panel-group fusion-toggle-icon-boxed\" id=\"accordion-1751-6\"><div class=\"fusion-panel panel-default panel-debfc11ec79cd8cc4 fusion-toggle-has-divider\"><div class=\"panel-heading\"><h4 class=\"panel-title toggle\" id=\"toggle_debfc11ec79cd8cc4\"><a aria-expanded=\"false\" aria-controls=\"debfc11ec79cd8cc4\" role=\"button\" data-toggle=\"collapse\" data-parent=\"#accordion-1751-6\" data-target=\"#debfc11ec79cd8cc4\" href=\"#debfc11ec79cd8cc4\"><span class=\"fusion-toggle-icon-wrapper\" aria-hidden=\"true\"><i class=\"fa-fusion-box active-icon awb-icon-minus\" aria-hidden=\"true\"><\/i><i class=\"fa-fusion-box inactive-icon awb-icon-plus\" aria-hidden=\"true\"><\/i><\/span><span class=\"fusion-toggle-heading\">Ist Grillen erlaubt?<\/span><\/a><\/h4><\/div><div id=\"debfc11ec79cd8cc4\" class=\"panel-collapse collapse \" aria-labelledby=\"toggle_debfc11ec79cd8cc4\"><div class=\"panel-body toggle-content fusion-clearfix\">Holzkohlegrille sind verbotn auf den Stellpl\u00e4tze zu nutzen, nur Gas- oder Elektrogrille sind erlaubt (max. 2000W).<\/p>\n<p>Auf dem Campingplatz stehen Ihnen kollektive Bereiche f\u00fcr Holzkohlengrille mit Picknick-tischen zur Verf\u00fcgung.<\/p>\n<p>Wir bitten alle, sehr vorsichtig mit unserem Material umzugehen und die Grille vor Sie dem Platz verlassen, aus zu machen.<\/div><\/div><\/div><\/div><\/div><div class=\"accordian fusion-accordian\" style=\"--awb-border-size:1px;--awb-icon-size:16px;--awb-content-font-size:17px;--awb-icon-alignment:left;--awb-hover-color:#f9f9fb;--awb-border-color:#e2e2e2;--awb-background-color:#ffffff;--awb-divider-color:#e0dede;--awb-divider-hover-color:#e0dede;--awb-icon-color:#ffffff;--awb-title-color:#555555;--awb-content-color:#555555;--awb-icon-box-color:#0e5f96;--awb-toggle-hover-accent-color:#1095d3;--awb-title-font-family:&quot;Annifont&quot;;--awb-title-font-weight:400;--awb-title-font-style:normal;--awb-title-font-size:15px;--awb-content-font-family:&quot;Calibri&quot;;--awb-content-font-style:normal;--awb-content-font-weight:400;\"><div class=\"panel-group fusion-toggle-icon-boxed\" id=\"accordion-1751-7\"><div class=\"fusion-panel panel-default panel-33d9f5d3918f8a5c1 fusion-toggle-has-divider\"><div class=\"panel-heading\"><h4 class=\"panel-title toggle\" id=\"toggle_33d9f5d3918f8a5c1\"><a aria-expanded=\"false\" aria-controls=\"33d9f5d3918f8a5c1\" role=\"button\" data-toggle=\"collapse\" data-parent=\"#accordion-1751-7\" data-target=\"#33d9f5d3918f8a5c1\" href=\"#33d9f5d3918f8a5c1\"><span class=\"fusion-toggle-icon-wrapper\" aria-hidden=\"true\"><i class=\"fa-fusion-box active-icon awb-icon-minus\" aria-hidden=\"true\"><\/i><i class=\"fa-fusion-box inactive-icon awb-icon-plus\" aria-hidden=\"true\"><\/i><\/span><span class=\"fusion-toggle-heading\">K\u00f6nnen wir unserem Fahrzeug auf dem Stellplatz parken?<\/span><\/a><\/h4><\/div><div id=\"33d9f5d3918f8a5c1\" class=\"panel-collapse collapse \" aria-labelledby=\"toggle_33d9f5d3918f8a5c1\"><div class=\"panel-body toggle-content fusion-clearfix\">Unabh\u00e4ngig davon, ob es sich um einen Stellplatz oder eine Vermietung handelt, haben Sie das Recht auf ein Fahrzeug. Wenn Sie ein zweites Fahrzeug haben, dzrf es auf einem geschlossenen und kostenlosen Parkplatz neben dem Campingplatz geparkt worden. F\u00fcr den Komfort aller darf der Campingplatz kein Parkplatz worden!!!<\/div><\/div><\/div><\/div><\/div><div class=\"accordian fusion-accordian\" style=\"--awb-border-size:1px;--awb-icon-size:16px;--awb-content-font-size:17px;--awb-icon-alignment:left;--awb-hover-color:#f9f9fb;--awb-border-color:#e2e2e2;--awb-background-color:#ffffff;--awb-divider-color:#e0dede;--awb-divider-hover-color:#e0dede;--awb-icon-color:#ffffff;--awb-title-color:#555555;--awb-content-color:#555555;--awb-icon-box-color:#0e5f96;--awb-toggle-hover-accent-color:#1095d3;--awb-title-font-family:&quot;Annifont&quot;;--awb-title-font-weight:400;--awb-title-font-style:normal;--awb-title-font-size:15px;--awb-content-font-family:&quot;Calibri&quot;;--awb-content-font-style:normal;--awb-content-font-weight:400;\"><div class=\"panel-group fusion-toggle-icon-boxed\" id=\"accordion-1751-8\"><div class=\"fusion-panel panel-default panel-766a0200cb77ade3e fusion-toggle-has-divider\"><div class=\"panel-heading\"><h4 class=\"panel-title toggle\" id=\"toggle_766a0200cb77ade3e\"><a aria-expanded=\"false\" aria-controls=\"766a0200cb77ade3e\" role=\"button\" data-toggle=\"collapse\" data-parent=\"#accordion-1751-8\" data-target=\"#766a0200cb77ade3e\" href=\"#766a0200cb77ade3e\"><span class=\"fusion-toggle-icon-wrapper\" aria-hidden=\"true\"><i class=\"fa-fusion-box active-icon awb-icon-minus\" aria-hidden=\"true\"><\/i><i class=\"fa-fusion-box inactive-icon awb-icon-plus\" aria-hidden=\"true\"><\/i><\/span><span class=\"fusion-toggle-heading\">Welche Ausr\u00fcstung ist auf meiner Website erlaubt?<\/span><\/a><\/h4><\/div><div id=\"766a0200cb77ade3e\" class=\"panel-collapse collapse \" aria-labelledby=\"toggle_766a0200cb77ade3e\"><div class=\"panel-body toggle-content fusion-clearfix\">Auf den Stellpl\u00e4tzen k\u00f6nnen Sie einem Wohnwagen oder ein Wohnmobil oder ein gro\u00dfes Zelt aufstellen, sowie 1 oder 2 kleine Zelte f\u00fcr Kinder. Da sind maximal 6 Personen pro Stellplatz erlaubt.<br \/>\nBitte informieren Sie uns bereits bei der Buchung \u00fcber die genaue Abmessungen Ihrer Ausr\u00fcstung, damit wir Ihnen einen entsprechenden Platz zuweisen k\u00f6nnen, denn wenn Sie einmal da sind, ist es unm\u00f6glich, die Stellpl\u00e4tze noch zu wechseln.<\/p>\n<p>Es ist strengstens verboten, einen Wohnwagen und ein Wohnmobil oder einen Lastwagen auf dem gleichen Platz zu haben!<\/p>\n<p>Es ist nicht m\u00f6glich, um ein zusetzlicher Zelt neben ein Mobilheim zu pl\u00e4tzen.<\/div><\/div><\/div><\/div><\/div><div class=\"accordian fusion-accordian\" style=\"--awb-border-size:1px;--awb-icon-size:16px;--awb-content-font-size:17px;--awb-icon-alignment:left;--awb-hover-color:#f9f9fb;--awb-border-color:#e2e2e2;--awb-background-color:#ffffff;--awb-divider-color:#e0dede;--awb-divider-hover-color:#e0dede;--awb-icon-color:#ffffff;--awb-title-color:#555555;--awb-content-color:#555555;--awb-icon-box-color:#0e5f96;--awb-toggle-hover-accent-color:#1095d3;--awb-title-font-family:&quot;Annifont&quot;;--awb-title-font-weight:400;--awb-title-font-style:normal;--awb-title-font-size:15px;--awb-content-font-family:&quot;Calibri&quot;;--awb-content-font-style:normal;--awb-content-font-weight:400;\"><div class=\"panel-group fusion-toggle-icon-boxed\" id=\"accordion-1751-9\"><div class=\"fusion-panel panel-default panel-3b74adf1efecd9074 fusion-toggle-has-divider\"><div class=\"panel-heading\"><h4 class=\"panel-title toggle\" id=\"toggle_3b74adf1efecd9074\"><a aria-expanded=\"false\" aria-controls=\"3b74adf1efecd9074\" role=\"button\" data-toggle=\"collapse\" data-parent=\"#accordion-1751-9\" data-target=\"#3b74adf1efecd9074\" href=\"#3b74adf1efecd9074\"><span class=\"fusion-toggle-icon-wrapper\" aria-hidden=\"true\"><i class=\"fa-fusion-box active-icon awb-icon-minus\" aria-hidden=\"true\"><\/i><i class=\"fa-fusion-box inactive-icon awb-icon-plus\" aria-hidden=\"true\"><\/i><\/span><span class=\"fusion-toggle-heading\">Ist der Zugang zum Pool kostenlos?<\/span><\/a><\/h4><\/div><div id=\"3b74adf1efecd9074\" class=\"panel-collapse collapse \" aria-labelledby=\"toggle_3b74adf1efecd9074\"><div class=\"panel-body toggle-content fusion-clearfix\">Der Zugang ist den Kunden des Campingplatzes von 10.00 bis 19.00 Uhr vorbehalten. Alle Personen au\u00dferhalb des Campingplatzes, die keinen Aufenthalt bei uns haben, k\u00f6nnen das Schwimmbad nicht nutzen. Aus hygienischen Gr\u00fcnden sind kurze Hosen und Badehosen verboten, nur richtige Badeanz\u00fcge ( slips) sind erlaubt. Das schwimmbad wird im Juli und August von ein diplomierter Bademeister beaufsichtigt.<\/div><\/div><\/div><\/div><\/div><div class=\"accordian fusion-accordian\" style=\"--awb-border-size:1px;--awb-icon-size:16px;--awb-content-font-size:17px;--awb-icon-alignment:left;--awb-hover-color:#f9f9fb;--awb-border-color:#e2e2e2;--awb-background-color:#ffffff;--awb-divider-color:#e0dede;--awb-divider-hover-color:#e0dede;--awb-icon-color:#ffffff;--awb-title-color:#555555;--awb-content-color:#555555;--awb-icon-box-color:#0e5f96;--awb-toggle-hover-accent-color:#1095d3;--awb-title-font-family:&quot;Annifont&quot;;--awb-title-font-weight:400;--awb-title-font-style:normal;--awb-title-font-size:15px;--awb-content-font-family:&quot;Calibri&quot;;--awb-content-font-style:normal;--awb-content-font-weight:400;\"><div class=\"panel-group fusion-toggle-icon-boxed\" id=\"accordion-1751-10\"><div class=\"fusion-panel panel-default panel-530f5b41432a2249a fusion-toggle-has-divider\"><div class=\"panel-heading\"><h4 class=\"panel-title toggle\" id=\"toggle_530f5b41432a2249a\"><a aria-expanded=\"false\" aria-controls=\"530f5b41432a2249a\" role=\"button\" data-toggle=\"collapse\" data-parent=\"#accordion-1751-10\" data-target=\"#530f5b41432a2249a\" href=\"#530f5b41432a2249a\"><span class=\"fusion-toggle-icon-wrapper\" aria-hidden=\"true\"><i class=\"fa-fusion-box active-icon awb-icon-minus\" aria-hidden=\"true\"><\/i><i class=\"fa-fusion-box inactive-icon awb-icon-plus\" aria-hidden=\"true\"><\/i><\/span><span class=\"fusion-toggle-heading\">Sind Hunde erlaubt<\/span><\/a><\/h4><\/div><div id=\"530f5b41432a2249a\" class=\"panel-collapse collapse \" aria-labelledby=\"toggle_530f5b41432a2249a\"><div class=\"panel-body toggle-content fusion-clearfix\">Hunde der Kategorie 1 und 2 sind streng verboten. Sie m\u00fcssen \u00fcber ein aktuelles Impfbuch verf\u00fcgen und der Hund muss an der Leine gef\u00fchrt werden. Hunde m\u00fcssen keinfalls allein in den Sanit\u00e4ranlagen noch in den Mietunterk\u00fcnften, Wohnwagen oder Autos eingesperrt bleiben.<\/p>\n<p>Der Zugang zum Strand des Campingplatzes ist im Juli und August zu bestimmten Zeiten erlaubt.<\/div><\/div><\/div><\/div><\/div><div class=\"accordian fusion-accordian\" style=\"--awb-border-size:1px;--awb-icon-size:16px;--awb-content-font-size:17px;--awb-icon-alignment:left;--awb-hover-color:#f9f9fb;--awb-border-color:#e2e2e2;--awb-background-color:#ffffff;--awb-divider-color:#e0dede;--awb-divider-hover-color:#e0dede;--awb-icon-color:#ffffff;--awb-title-color:#555555;--awb-content-color:#555555;--awb-icon-box-color:#0e5f96;--awb-toggle-hover-accent-color:#1095d3;--awb-title-font-family:&quot;Annifont&quot;;--awb-title-font-weight:400;--awb-title-font-style:normal;--awb-title-font-size:15px;--awb-content-font-family:&quot;Calibri&quot;;--awb-content-font-style:normal;--awb-content-font-weight:400;\"><div class=\"panel-group fusion-toggle-icon-boxed\" id=\"accordion-1751-11\"><div class=\"fusion-panel panel-default panel-7ecbcc3f77ba4316d fusion-toggle-has-divider\"><div class=\"panel-heading\"><h4 class=\"panel-title toggle\" id=\"toggle_7ecbcc3f77ba4316d\"><a aria-expanded=\"false\" aria-controls=\"7ecbcc3f77ba4316d\" role=\"button\" data-toggle=\"collapse\" data-parent=\"#accordion-1751-11\" data-target=\"#7ecbcc3f77ba4316d\" href=\"#7ecbcc3f77ba4316d\"><span class=\"fusion-toggle-icon-wrapper\" aria-hidden=\"true\"><i class=\"fa-fusion-box active-icon awb-icon-minus\" aria-hidden=\"true\"><\/i><i class=\"fa-fusion-box inactive-icon awb-icon-plus\" aria-hidden=\"true\"><\/i><\/span><span class=\"fusion-toggle-heading\">Wie hoch ist die Stromst\u00e4rke auf den Stellpl\u00e4tzen?<\/span><\/a><\/h4><\/div><div id=\"7ecbcc3f77ba4316d\" class=\"panel-collapse collapse \" aria-labelledby=\"toggle_7ecbcc3f77ba4316d\"><div class=\"panel-body toggle-content fusion-clearfix\">Jeder Stellplatz verf\u00fcgt \u00fcber 10 Amperes strom. Bitte vergessen Sie nicht, einen europ\u00e4ischen Adaptor\/Stecker (blau) und ein Verl\u00e4ngerungskabel mitzubringen. Wenn Sie keine haben, k\u00f6nnen wir euch an der Rezeption gegen eine Kaution einer ausleihen (je nach Verf\u00fcgbarkeit).<\/div><\/div><\/div><\/div><\/div><div class=\"fusion-clearfix\"><\/div><\/div><\/div><\/div><\/div>\n","protected":false},"excerpt":{"rendered":"","protected":false},"author":1,"featured_media":0,"parent":0,"menu_order":0,"comment_status":"closed","ping_status":"closed","template":"","meta":{"_acf_changed":false,"footnotes":""},"class_list":["post-1751","page","type-page","status-publish","hentry"],"acf":[],"_links":{"self":[{"href":"https:\/\/www.gard-camping.com\/de\/wp-json\/wp\/v2\/pages\/1751","targetHints":{"allow":["GET"]}}],"collection":[{"href":"https:\/\/www.gard-camping.com\/de\/wp-json\/wp\/v2\/pages"}],"about":[{"href":"https:\/\/www.gard-camping.com\/de\/wp-json\/wp\/v2\/types\/page"}],"author":[{"embeddable":true,"href":"https:\/\/www.gard-camping.com\/de\/wp-json\/wp\/v2\/users\/1"}],"replies":[{"embeddable":true,"href":"https:\/\/www.gard-camping.com\/de\/wp-json\/wp\/v2\/comments?post=1751"}],"version-history":[{"count":4,"href":"https:\/\/www.gard-camping.com\/de\/wp-json\/wp\/v2\/pages\/1751\/revisions"}],"predecessor-version":[{"id":4712,"href":"https:\/\/www.gard-camping.com\/de\/wp-json\/wp\/v2\/pages\/1751\/revisions\/4712"}],"wp:attachment":[{"href":"https:\/\/www.gard-camping.com\/de\/wp-json\/wp\/v2\/media?parent=1751"}],"curies":[{"name":"wp","href":"https:\/\/api.w.org\/{rel}","templated":true}]}}