{"id":1786,"date":"2020-03-10T09:59:31","date_gmt":"2020-03-10T08:59:31","guid":{"rendered":"https:\/\/www.gard-camping.com\/emplacements\/"},"modified":"2024-09-11T08:57:19","modified_gmt":"2024-09-11T06:57:19","slug":"stellplatze","status":"publish","type":"page","link":"https:\/\/www.gard-camping.com\/de\/stellplatze\/","title":{"rendered":"Stellpl\u00e4tze"},"content":{"rendered":"<div class=\"fusion-fullwidth fullwidth-box fusion-builder-row-1 nonhundred-percent-fullwidth non-hundred-percent-height-scrolling aligncenter\" style=\"--awb-border-radius-top-left:0px;--awb-border-radius-top-right:0px;--awb-border-radius-bottom-right:0px;--awb-border-radius-bottom-left:0px;--awb-flex-wrap:wrap;\" ><div class=\"fusion-builder-row fusion-row\"><div class=\"fusion-layout-column fusion_builder_column fusion-builder-column-0 fusion_builder_column_1_1 1_1 fusion-one-full fusion-column-first fusion-column-last\" style=\"--awb-bg-size:cover;\"><div class=\"fusion-column-wrapper fusion-column-has-shadow fusion-flex-column-wrapper-legacy\"><div class=\"fusion-text fusion-text-1\" style=\"--awb-text-transform:none;\"><p>Verteilt \u00fcber 2 Gel\u00e4nde, und 5 Hektar bieten unsere 107 Stellpl\u00e4tze euch eine Auswahl, die Ihren Bed\u00fcrfnissen und W\u00fcnschen entspricht. Alle Stellpl\u00e4tze k\u00f6nnen ein Stromanschluss n\u00fctzen.<\/p>\n<p>Die Stellpl\u00e4tze neben dem Schwimmbad liegen n\u00e4her an den Sanit\u00e4re-anlagen. und die allgemeine Wohn &amp; Lebbereichen (Schwimmbad, Sanit\u00e4ranlagen, Kinderspielplatz oder Jeu de Boulesplatz). Diese Pl\u00e4tze sind entweder in der XL-Version mit einer Fl\u00e4che von mindestens 120 m\u00b2 f\u00fcr Familien, die die Zelte f\u00fcr die Kinder aufstellen und mehr Platz haben m\u00f6chten, oder in der klassischen Version mit 80 m\u00b2.<\/p>\n<p>W\u00e4hrend die Stellpl\u00e4tze am Flussufer auf einem &#8222;nat\u00fcrlicheren&#8220; Teil liegen, welchem nur von B\u00e4ume, Hecken und Gras umgeben sind!<br \/>\nIn diesem Teil des Campingplatzes finden Sie Sanit\u00e4ranlagen welche ohne Warmwasser, und nur mit Toiletten und Waschbecken ausgest\u00e4ttet sind.<br \/>\nIn diesem Gebiet gibt es eben einige &#8222;V.I.P.&#8220;- Stellpl\u00e4tze, mit direktem Aussicht auf der Fluss. Diese Stellpl\u00e4tze haben eine Gr\u00f6\u00dfe von 80 bis 200 m\u00b2.<br \/>\n<span class=\"txt-bleu\"><i class=\"fb-icon-element-1 fb-icon-element fontawesome-icon fa-wheelchair fas circle-no fusion-text-flow\" style=\"font-size: 28px; margin-right: 0px; vertical-align: middle;\"><\/i> <strong>Alle unsere Stellpl\u00e4tze sind zug\u00e4nglich.f\u00fcr Personen mit reduzierter Mobilit\u00e4t.<\/strong><\/span><\/p>\n<\/div><div class=\"fusion-sep-clear\"><\/div><div class=\"fusion-separator fusion-full-width-sep\" style=\"margin-left: auto;margin-right: auto;margin-top:15px;width:100%;\"><\/div><div class=\"fusion-sep-clear\"><\/div><div class=\"fusion-text fusion-text-2\"><p><span class=\"edito-page\">Alles, was Sie machen m\u00fcssen, ist bereits ausw\u00e4hlen und buchen!<\/span><\/p>\n<\/div><div class=\"fusion-clearfix\"><\/div><\/div><\/div><div class=\"fusion-layout-column fusion_builder_column fusion-builder-column-1 fusion_builder_column_1_5 1_5 fusion-one-fifth fusion-column-first fusion-column-inner-bg-wrapper bloc-les-emplacements\" style=\"--awb-inner-bg-size:cover;width:20%;width:calc(20% - ( ( 30px + 30px + 30px ) * 0.2 ) );margin-right: 30px;\"><span class=\"fusion-column-inner-bg hover-type-none\"><a class=\"fusion-column-anchor\" href=\"\/de\/stellplatze\/am-flussufer\/\"><span class=\"fusion-column-inner-bg-image\"><\/span><\/a><\/span><div class=\"fusion-column-wrapper fusion-column-has-shadow fusion-flex-column-wrapper-legacy\"><div class=\"fusion-title title fusion-title-1 fusion-sep-none fusion-title-center fusion-title-text fusion-title-size-two\"><h2 class=\"fusion-title-heading title-heading-center fusion-responsive-typography-calculated\" style=\"margin:0;--fontSize:24;--minFontSize:24;line-height:1.5;\">Flussufer<span class=\"h2stitre\">90-120 m\u00b2<\/span><\/h2><\/div><div class=\"fusion-image-element fusion-image-align-center in-legacy-container\" style=\"text-align:center;--awb-caption-title-font-family:var(--h2_typography-font-family);--awb-caption-title-font-weight:var(--h2_typography-font-weight);--awb-caption-title-font-style:var(--h2_typography-font-style);--awb-caption-title-size:var(--h2_typography-font-size);--awb-caption-title-transform:var(--h2_typography-text-transform);--awb-caption-title-line-height:var(--h2_typography-line-height);--awb-caption-title-letter-spacing:var(--h2_typography-letter-spacing);\"><div class=\"imageframe-align-center\"><span class=\" fusion-imageframe imageframe-none imageframe-1 hover-type-none\"><img decoding=\"async\" width=\"500\" height=\"500\" alt=\"Stellpl\u00e4tze am Flussufer\" title=\"Stellpl\u00e4tze am Flussufer\" src=\"data:image\/svg+xml,%3Csvg%20xmlns%3D%27http%3A%2F%2Fwww.w3.org%2F2000%2Fsvg%27%20width%3D%271400%27%20height%3D%27933%27%20viewBox%3D%270%200%201400%20933%27%3E%3Crect%20width%3D%271400%27%20height%3D%27933%27%20fill-opacity%3D%220%22%2F%3E%3C%2Fsvg%3E\" data-orig-src=\"https:\/\/www.gard-camping.com\/wp-content\/uploads\/ff-front-riviere-500x500.jpg\" class=\"lazyload img-responsive wp-image-2764\"\/><\/span><\/div><\/div><div class=\"fusion-clearfix\"><\/div><\/div><\/div><div class=\"fusion-layout-column fusion_builder_column fusion-builder-column-2 fusion_builder_column_1_5 1_5 fusion-one-fifth fusion-column-inner-bg-wrapper bloc-les-emplacements\" style=\"--awb-inner-bg-size:cover;width:20%;width:calc(20% - ( ( 30px + 30px + 30px ) * 0.2 ) );margin-right: 30px;\"><span class=\"fusion-column-inner-bg hover-type-none\"><a class=\"fusion-column-anchor\" href=\"\/de\/stellplatze\/fluss-seite\/\"><span class=\"fusion-column-inner-bg-image\"><\/span><\/a><\/span><div class=\"fusion-column-wrapper fusion-column-has-shadow fusion-flex-column-wrapper-legacy\"><div class=\"fusion-title title fusion-title-2 fusion-sep-none fusion-title-center fusion-title-text fusion-title-size-two\"><h2 class=\"fusion-title-heading title-heading-center fusion-responsive-typography-calculated\" style=\"margin:0;--fontSize:24;--minFontSize:24;line-height:1.5;\">Fluss-seite<span class=\"h2stitre\">100-180 m\u00b2<\/span><\/h2><\/div><div class=\"fusion-image-element fusion-image-align-center in-legacy-container\" style=\"text-align:center;--awb-caption-title-font-family:var(--h2_typography-font-family);--awb-caption-title-font-weight:var(--h2_typography-font-weight);--awb-caption-title-font-style:var(--h2_typography-font-style);--awb-caption-title-size:var(--h2_typography-font-size);--awb-caption-title-transform:var(--h2_typography-text-transform);--awb-caption-title-line-height:var(--h2_typography-line-height);--awb-caption-title-letter-spacing:var(--h2_typography-letter-spacing);\"><div class=\"imageframe-align-center\"><span class=\" fusion-imageframe imageframe-none imageframe-2 hover-type-none\"><img decoding=\"async\" width=\"500\" height=\"500\" alt=\"Stellpl\u00e4tze Fluss-seite\" title=\"Stellpl\u00e4tze Fluss-seite\" src=\"data:image\/svg+xml,%3Csvg%20xmlns%3D%27http%3A%2F%2Fwww.w3.org%2F2000%2Fsvg%27%20width%3D%271400%27%20height%3D%27933%27%20viewBox%3D%270%200%201400%20933%27%3E%3Crect%20width%3D%271400%27%20height%3D%27933%27%20fill-opacity%3D%220%22%2F%3E%3C%2Fsvg%3E\" data-orig-src=\"https:\/\/www.gard-camping.com\/wp-content\/uploads\/ff-cote-riviere-500x500.jpg\" class=\"lazyload img-responsive wp-image-2760\"\/><\/span><\/div><\/div><div class=\"fusion-clearfix\"><\/div><\/div><\/div><div class=\"fusion-layout-column fusion_builder_column fusion-builder-column-3 fusion_builder_column_1_5 1_5 fusion-one-fifth fusion-column-inner-bg-wrapper bloc-les-emplacements\" style=\"--awb-inner-bg-size:cover;width:20%;width:calc(20% - ( ( 30px + 30px + 30px ) * 0.2 ) );margin-right: 30px;\"><span class=\"fusion-column-inner-bg hover-type-none\"><a class=\"fusion-column-anchor\" href=\"\/de\/stellplatze\/schwimmbadseite\/\"><span class=\"fusion-column-inner-bg-image\"><\/span><\/a><\/span><div class=\"fusion-column-wrapper fusion-column-has-shadow fusion-flex-column-wrapper-legacy\"><div class=\"fusion-title title fusion-title-3 fusion-sep-none fusion-title-center fusion-title-text fusion-title-size-two\"><h2 class=\"fusion-title-heading title-heading-center fusion-responsive-typography-calculated\" style=\"margin:0;--fontSize:24;--minFontSize:24;line-height:1.5;\">Schwimmbadseite<span class=\"h2stitre\">80 m\u00b2<\/span><\/h2><\/div><div class=\"fusion-image-element fusion-image-align-center in-legacy-container\" style=\"text-align:center;--awb-caption-title-font-family:var(--h2_typography-font-family);--awb-caption-title-font-weight:var(--h2_typography-font-weight);--awb-caption-title-font-style:var(--h2_typography-font-style);--awb-caption-title-size:var(--h2_typography-font-size);--awb-caption-title-transform:var(--h2_typography-text-transform);--awb-caption-title-line-height:var(--h2_typography-line-height);--awb-caption-title-letter-spacing:var(--h2_typography-letter-spacing);\"><div class=\"imageframe-align-center\"><span class=\" fusion-imageframe imageframe-none imageframe-3 hover-type-none\"><img decoding=\"async\" width=\"500\" height=\"500\" alt=\"Stellpl\u00e4tze zwembadzijde\" title=\"Stellpl\u00e4tze zwembadzijde\" src=\"data:image\/svg+xml,%3Csvg%20xmlns%3D%27http%3A%2F%2Fwww.w3.org%2F2000%2Fsvg%27%20width%3D%271200%27%20height%3D%27800%27%20viewBox%3D%270%200%201200%20800%27%3E%3Crect%20width%3D%271200%27%20height%3D%27800%27%20fill-opacity%3D%220%22%2F%3E%3C%2Fsvg%3E\" data-orig-src=\"https:\/\/www.gard-camping.com\/wp-content\/uploads\/ff-cote-piscine-500x500.jpg\" class=\"lazyload img-responsive wp-image-2768\"\/><\/span><\/div><\/div><div class=\"fusion-clearfix\"><\/div><\/div><\/div><div class=\"fusion-layout-column fusion_builder_column fusion-builder-column-4 fusion_builder_column_1_5 1_5 fusion-one-fifth fusion-column-last fusion-column-inner-bg-wrapper bloc-les-emplacements\" style=\"--awb-inner-bg-size:cover;width:20%;width:calc(20% - ( ( 30px + 30px + 30px ) * 0.2 ) );\"><span class=\"fusion-column-inner-bg hover-type-none\"><a class=\"fusion-column-anchor\" href=\"\/de\/stellplatze\/grossem-komfort-schwimmbadseite\/\"><span class=\"fusion-column-inner-bg-image\"><\/span><\/a><\/span><div class=\"fusion-column-wrapper fusion-column-has-shadow fusion-flex-column-wrapper-legacy\"><div class=\"fusion-title title fusion-title-4 fusion-sep-none fusion-title-center fusion-title-text fusion-title-size-two\"><h2 class=\"fusion-title-heading title-heading-center fusion-responsive-typography-calculated\" style=\"margin:0;--fontSize:24;--minFontSize:24;line-height:1.5;\">Grossem Komfort Schwimmbadseite <span class=\"h2stitre\">100-130 m\u00b2<\/span><\/h2><\/div><div class=\"fusion-image-element fusion-image-align-center in-legacy-container\" style=\"text-align:center;--awb-caption-title-font-family:var(--h2_typography-font-family);--awb-caption-title-font-weight:var(--h2_typography-font-weight);--awb-caption-title-font-style:var(--h2_typography-font-style);--awb-caption-title-size:var(--h2_typography-font-size);--awb-caption-title-transform:var(--h2_typography-text-transform);--awb-caption-title-line-height:var(--h2_typography-line-height);--awb-caption-title-letter-spacing:var(--h2_typography-letter-spacing);\"><div class=\"imageframe-align-center\"><span class=\" fusion-imageframe imageframe-none imageframe-4 hover-type-none\"><img decoding=\"async\" width=\"500\" height=\"500\" alt=\"Emplacements C\u00f4t\u00e9 Piscine XL\" title=\"emplacement-cote-piscine-xl-01\" src=\"data:image\/svg+xml,%3Csvg%20xmlns%3D%27http%3A%2F%2Fwww.w3.org%2F2000%2Fsvg%27%20width%3D%271200%27%20height%3D%27799%27%20viewBox%3D%270%200%201200%20799%27%3E%3Crect%20width%3D%271200%27%20height%3D%27799%27%20fill-opacity%3D%220%22%2F%3E%3C%2Fsvg%3E\" data-orig-src=\"https:\/\/www.gard-camping.com\/wp-content\/uploads\/emplacement-cote-piscine-xl-01-500x500.jpg\" class=\"lazyload img-responsive wp-image-4300\"\/><\/span><\/div><\/div><div class=\"fusion-clearfix\"><\/div><\/div><\/div><\/div><\/div>\n","protected":false},"excerpt":{"rendered":"","protected":false},"author":1,"featured_media":0,"parent":0,"menu_order":0,"comment_status":"closed","ping_status":"closed","template":"100-width.php","meta":{"_acf_changed":false,"footnotes":""},"class_list":["post-1786","page","type-page","status-publish","hentry"],"acf":[],"_links":{"self":[{"href":"https:\/\/www.gard-camping.com\/de\/wp-json\/wp\/v2\/pages\/1786","targetHints":{"allow":["GET"]}}],"collection":[{"href":"https:\/\/www.gard-camping.com\/de\/wp-json\/wp\/v2\/pages"}],"about":[{"href":"https:\/\/www.gard-camping.com\/de\/wp-json\/wp\/v2\/types\/page"}],"author":[{"embeddable":true,"href":"https:\/\/www.gard-camping.com\/de\/wp-json\/wp\/v2\/users\/1"}],"replies":[{"embeddable":true,"href":"https:\/\/www.gard-camping.com\/de\/wp-json\/wp\/v2\/comments?post=1786"}],"version-history":[{"count":10,"href":"https:\/\/www.gard-camping.com\/de\/wp-json\/wp\/v2\/pages\/1786\/revisions"}],"predecessor-version":[{"id":4639,"href":"https:\/\/www.gard-camping.com\/de\/wp-json\/wp\/v2\/pages\/1786\/revisions\/4639"}],"wp:attachment":[{"href":"https:\/\/www.gard-camping.com\/de\/wp-json\/wp\/v2\/media?parent=1786"}],"curies":[{"name":"wp","href":"https:\/\/api.w.org\/{rel}","templated":true}]}}