{"id":3119,"date":"2020-11-20T10:28:50","date_gmt":"2020-11-20T09:28:50","guid":{"rendered":"https:\/\/www.gard-camping.com\/in-der-nahe\/les-grottes-et-avens\/"},"modified":"2022-06-01T14:33:58","modified_gmt":"2022-06-01T12:33:58","slug":"grotten-und-avens","status":"publish","type":"page","link":"https:\/\/www.gard-camping.com\/de\/in-der-nahe\/grotten-und-avens\/","title":{"rendered":"Grotten und Avens"},"content":{"rendered":"<div class=\"fusion-fullwidth fullwidth-box fusion-builder-row-1 nonhundred-percent-fullwidth non-hundred-percent-height-scrolling\" style=\"--awb-border-radius-top-left:0px;--awb-border-radius-top-right:0px;--awb-border-radius-bottom-right:0px;--awb-border-radius-bottom-left:0px;--awb-flex-wrap:wrap;\" ><div class=\"fusion-builder-row fusion-row\"><div class=\"fusion-layout-column fusion_builder_column fusion-builder-column-0 fusion_builder_column_1_1 1_1 fusion-one-full fusion-column-first fusion-column-last\" style=\"--awb-bg-size:cover;\"><div class=\"fusion-column-wrapper fusion-column-has-shadow fusion-flex-column-wrapper-legacy\"><div class=\"fusion-title title fusion-title-1 fusion-sep-none fusion-title-center fusion-title-highlight fusion-animate-once fusion-highlight-underline fusion-title-size-two title-max\" data-highlight=\"underline\"><h2 class=\"fusion-title-heading title-heading-center fusion-responsive-typography-calculated\" style=\"margin:0;--fontSize:24;--minFontSize:24;line-height:1.5;\"><span class=\"fusion-highlighted-text-prefix\"><\/span> <span class=\"fusion-highlighted-text-wrapper\"><span class=\"fusion-highlighted-text\">Grotten und Avens<\/span><svg xmlns=\"http:\/\/www.w3.org\/2000\/svg\" viewBox=\"0 0 500 150\" preserveAspectRatio=\"none\"><path d=\"M8.1,146.2c0,0,240.6-55.6,479-13.8\"><\/path><\/svg><\/span> <span class=\"fusion-highlighted-text-postfix\"><\/span><\/h2><\/div><div class=\"fusion-sep-clear\"><\/div><div class=\"fusion-separator fusion-full-width-sep\" style=\"margin-left: auto;margin-right: auto;margin-top:15px;width:100%;\"><\/div><div class=\"fusion-sep-clear\"><\/div><div class=\"fusion-clearfix\"><\/div><\/div><\/div><div class=\"fusion-layout-column fusion_builder_column fusion-builder-column-1 fusion_builder_column_3_5 3_5 fusion-three-fifth fusion-column-first\" style=\"--awb-bg-size:cover;width:60%;width:calc(60% - ( ( 4% ) * 0.6 ) );margin-right: 4%;\"><div class=\"fusion-column-wrapper fusion-column-has-shadow fusion-flex-column-wrapper-legacy\"><div class=\"fusion-title title fusion-title-2 fusion-sep-none fusion-title-text fusion-title-size-three\"><h3 class=\"fusion-title-heading title-heading-left fusion-responsive-typography-calculated\" style=\"margin:0;--fontSize:18;--minFontSize:18;line-height:1.5;\">Die Aven d&#8217;Orgnac<\/h3><\/div><div class=\"fusion-text fusion-text-1\"><p>Eine Einladung um euch zu erstaunen, die H\u00f6hle \u00fcberrascht durch ihre gigantischen Volumina und die Sch\u00f6nheit ihrer unterirdischen Landschaften. W\u00e4hrend der einst\u00fcndigen Besichtigung mit F\u00fchrer entdecken sie die H\u00f6hle. Dieser fantastische Abstieg f\u00fchrt Jung und Alt in eine Welt, in der der Fantasie keine Grenzen kennt. Plattenstapel, ein Wald aus riesigen T\u00fcrmen, Vorh\u00e4nge&#8230;<\/p>\n<p>Eine gro\u00dfe Einladung, unterirdisch, um zwischen den Kalksteinformationen &#8222;auf Reisen&#8220; zu gehen. In dieser H\u00f6hle werden auch gef\u00fchrte Speleologie organisiert (auf Reservierung). Als H\u00f6hlenforscher haben Sie schon immer von unterirdischen Abenteuern getr\u00e4umt, dies ist Ihre Chance! Es macht Spa\u00df f\u00fcr Jung und Alt!<\/p>\n<\/div><div class=\"fusion-text fusion-text-2\"><p><strong>Anschrift<\/strong>: 2240 Route de l&#8217;Aven &#8211; 07150 Orgnac<br \/>\n<strong>Telefon<\/strong>: +33 (0)4 75 38 65 10<\/p>\n<\/div><div class=\"fusion-clearfix\"><\/div><\/div><\/div><div class=\"fusion-layout-column fusion_builder_column fusion-builder-column-2 fusion_builder_column_2_5 2_5 fusion-two-fifth fusion-column-last galerie\" style=\"--awb-bg-size:cover;width:40%;width:calc(40% - ( ( 4% ) * 0.4 ) );\"><div class=\"fusion-column-wrapper fusion-column-has-shadow fusion-flex-column-wrapper-legacy\"><div class=\"fusion-image-element fusion-image-align-center in-legacy-container\" style=\"text-align:center;--awb-caption-title-font-family:var(--h2_typography-font-family);--awb-caption-title-font-weight:var(--h2_typography-font-weight);--awb-caption-title-font-style:var(--h2_typography-font-style);--awb-caption-title-size:var(--h2_typography-font-size);--awb-caption-title-transform:var(--h2_typography-text-transform);--awb-caption-title-line-height:var(--h2_typography-line-height);--awb-caption-title-letter-spacing:var(--h2_typography-letter-spacing);\"><div class=\"imageframe-align-center\"><span class=\" fusion-imageframe imageframe-none imageframe-1 hover-type-none\"><a href=\"https:\/\/www.gard-camping.com\/wp-content\/uploads\/aven-d-orgnac.jpg\" class=\"fusion-lightbox\" data-rel=\"iLightbox[e37e7361c20453bb402]\" data-title=\"Aven d&#8217;Orgnac\" title=\"Aven d&#8217;Orgnac\"><img decoding=\"async\" width=\"600\" height=\"300\" alt=\"Die Aven d&#039;Orgnac\" src=\"data:image\/svg+xml,%3Csvg%20xmlns%3D%27http%3A%2F%2Fwww.w3.org%2F2000%2Fsvg%27%20width%3D%27849%27%20height%3D%27566%27%20viewBox%3D%270%200%20849%20566%27%3E%3Crect%20width%3D%27849%27%20height%3D%27566%27%20fill-opacity%3D%220%22%2F%3E%3C%2Fsvg%3E\" data-orig-src=\"https:\/\/www.gard-camping.com\/wp-content\/uploads\/aven-d-orgnac-600x300.jpg\" class=\"lazyload img-responsive wp-image-2252\"\/><\/a><\/span><\/div><\/div><div class=\"fusion-sep-clear\"><\/div><div class=\"fusion-separator fusion-full-width-sep\" style=\"margin-left: auto;margin-right: auto;margin-top:15px;width:100%;\"><\/div><div class=\"fusion-sep-clear\"><\/div><div class=\"fusion-clearfix\"><\/div><\/div><\/div><div class=\"fusion-layout-column fusion_builder_column fusion-builder-column-3 fusion_builder_column_3_5 3_5 fusion-three-fifth fusion-column-first\" style=\"--awb-bg-size:cover;width:60%;width:calc(60% - ( ( 4% ) * 0.6 ) );margin-right: 4%;\"><div class=\"fusion-column-wrapper fusion-column-has-shadow fusion-flex-column-wrapper-legacy\"><div class=\"fusion-title title fusion-title-3 fusion-sep-none fusion-title-text fusion-title-size-three\"><h3 class=\"fusion-title-heading title-heading-left fusion-responsive-typography-calculated\" style=\"margin:0;--fontSize:18;--minFontSize:18;line-height:1.5;\">Die Salamanderh\u00f6hle<\/h3><\/div><div class=\"fusion-text fusion-text-3\"><p>Die Salamanderh\u00f6hle ist ein Erlebnis f\u00fcr die ganze Familie Die Salamanderh\u00f6hle ist eine riesige H\u00f6hle, die mit den Stalagmiten und Stalagtiten (= jahrhundertealte Kalkformationen) geschm\u00fcckt ist \/Kommen Sie es Mal erleben, in Farbe und Klang.<\/p>\n<p>In 1965 entdeckt undin 2013 f\u00fcr dem Publik zug\u00e4nglich gemacht, Es gibt ein show mit aus Licht und Ton in dem sich das &#8222;nat\u00fcrliche&#8220; Licht mit einer unglaublichen Vielfalt an Farben abwechselt. Speziell f\u00fcr Menschen mit eingeschr\u00e4nkter Mobilit\u00e4t in Rollst\u00fchlen,, bietet das Belvedere einen einzigartigen Blick auf den Gro\u00dfen Saal der Salamanderh\u00f6hle, so dass auch euch davon mit genie\u00dfen k\u00f6nnen. Da werden regelm\u00e4\u00dfig Aktivit\u00e4ten organisiert und auch spel\u00e4ologische Abenteuer k\u00f6nnen hier erlebt werden.<\/p>\n<\/div><div class=\"fusion-text fusion-text-4\"><p><strong>Anschrift<\/strong>: Chemin de la Place du Roy &#8211; 30430 M\u00e9jannes-le-Clap<br \/>\n<strong>Telefon<\/strong>: +33 (0)4 66 60 06 00<\/p>\n<\/div><div class=\"fusion-clearfix\"><\/div><\/div><\/div><div class=\"fusion-layout-column fusion_builder_column fusion-builder-column-4 fusion_builder_column_2_5 2_5 fusion-two-fifth fusion-column-last galerie\" style=\"--awb-bg-size:cover;width:40%;width:calc(40% - ( ( 4% ) * 0.4 ) );\"><div class=\"fusion-column-wrapper fusion-column-has-shadow fusion-flex-column-wrapper-legacy\"><div class=\"fusion-image-element fusion-image-align-center in-legacy-container\" style=\"text-align:center;--awb-caption-title-font-family:var(--h2_typography-font-family);--awb-caption-title-font-weight:var(--h2_typography-font-weight);--awb-caption-title-font-style:var(--h2_typography-font-style);--awb-caption-title-size:var(--h2_typography-font-size);--awb-caption-title-transform:var(--h2_typography-text-transform);--awb-caption-title-line-height:var(--h2_typography-line-height);--awb-caption-title-letter-spacing:var(--h2_typography-letter-spacing);\"><div class=\"imageframe-align-center\"><span class=\" fusion-imageframe imageframe-none imageframe-2 hover-type-none\"><a href=\"https:\/\/www.gard-camping.com\/wp-content\/uploads\/grotte-de-la-salamandre.jpg\" class=\"fusion-lightbox\" data-rel=\"iLightbox[8e235d98838eb922514]\" data-title=\"Die Salamanderh\u00f6hle\" title=\"Die Salamanderh\u00f6hle\"><img decoding=\"async\" width=\"600\" height=\"300\" alt=\"Die Salamanderh\u00f6hle\" src=\"data:image\/svg+xml,%3Csvg%20xmlns%3D%27http%3A%2F%2Fwww.w3.org%2F2000%2Fsvg%27%20width%3D%271400%27%20height%3D%27933%27%20viewBox%3D%270%200%201400%20933%27%3E%3Crect%20width%3D%271400%27%20height%3D%27933%27%20fill-opacity%3D%220%22%2F%3E%3C%2Fsvg%3E\" data-orig-src=\"https:\/\/www.gard-camping.com\/wp-content\/uploads\/grotte-de-la-salamandre-600x300.jpg\" class=\"lazyload img-responsive wp-image-2267\"\/><\/a><\/span><\/div><\/div><div class=\"fusion-sep-clear\"><\/div><div class=\"fusion-separator fusion-full-width-sep\" style=\"margin-left: auto;margin-right: auto;margin-top:15px;width:100%;\"><\/div><div class=\"fusion-sep-clear\"><\/div><div class=\"fusion-clearfix\"><\/div><\/div><\/div><div class=\"fusion-layout-column fusion_builder_column fusion-builder-column-5 fusion_builder_column_3_5 3_5 fusion-three-fifth fusion-column-first\" style=\"--awb-bg-size:cover;width:60%;width:calc(60% - ( ( 4% ) * 0.6 ) );margin-right: 4%;\"><div class=\"fusion-column-wrapper fusion-column-has-shadow fusion-flex-column-wrapper-legacy\"><div class=\"fusion-title title fusion-title-4 fusion-sep-none fusion-title-text fusion-title-size-three\"><h3 class=\"fusion-title-heading title-heading-left fusion-responsive-typography-calculated\" style=\"margin:0;--fontSize:18;--minFontSize:18;line-height:1.5;\">Die Grotte Saint-Marcel<\/h3><\/div><div class=\"fusion-text fusion-text-5\"><p>Im Herzen der Gorges de l&#8217;Ard\u00e8che wird Sie die Grotte Saint-Marcel durch die Ausdehnung ihrer Galerien und den Reichtum ihrer Konkretionen verf\u00fchren, darunter der bezaubernde, in Europa einzigartige Wasserfall von Gours. Thematische F\u00fchrungen. Dauer des Besuchs 1h &#8211; 2 Ton- und Lichtshows.<br \/>\nDie H\u00f6hle von Saint-Marcel, die aufgrund ihres geologischen und arch\u00e4ologischen Interesses zum nationalen Kulturerbe z\u00e4hlt, ist mit ihren 60 km langen Netzen eine der gr\u00f6\u00dften H\u00f6hlen Frankreichs.<\/p>\n<p>Auf \u00fcber 500 m Besuchsl\u00e4nge, den Spuren des fossilen Flusses folgend, entdecken Sie immense R\u00e4ume und Galerien, die durch die Arbeit des Wassers fein geformt wurden. Durch 2 Ton- und Lichtspiele vergr\u00f6\u00dfert, enth\u00fcllt der Domsaal seine gewaltigen Konkretionen und den erhabenen Wasserfall von Gours, seine Kette von mehr als einhundert Kalzitbecken im Wasser, einzigartig in Europa!<\/p>\n<\/div><div class=\"fusion-text fusion-text-6\"><p><strong>Anschrift<\/strong>: 2759 route touristique des gorges de l&#8217;Ard\u00e8che &#8211; 07700 Bidon<br \/>\n<strong>Telefon<\/strong>: +33 (0)4 75 04 38 07<\/p>\n<\/div><div class=\"fusion-clearfix\"><\/div><\/div><\/div><div class=\"fusion-layout-column fusion_builder_column fusion-builder-column-6 fusion_builder_column_2_5 2_5 fusion-two-fifth fusion-column-last galerie\" style=\"--awb-bg-size:cover;width:40%;width:calc(40% - ( ( 4% ) * 0.4 ) );\"><div class=\"fusion-column-wrapper fusion-column-has-shadow fusion-flex-column-wrapper-legacy\"><div class=\"fusion-image-element fusion-image-align-center in-legacy-container\" style=\"text-align:center;--awb-caption-title-font-family:var(--h2_typography-font-family);--awb-caption-title-font-weight:var(--h2_typography-font-weight);--awb-caption-title-font-style:var(--h2_typography-font-style);--awb-caption-title-size:var(--h2_typography-font-size);--awb-caption-title-transform:var(--h2_typography-text-transform);--awb-caption-title-line-height:var(--h2_typography-line-height);--awb-caption-title-letter-spacing:var(--h2_typography-letter-spacing);\"><div class=\"imageframe-align-center\"><span class=\" fusion-imageframe imageframe-none imageframe-3 hover-type-none\"><a href=\"https:\/\/www.gard-camping.com\/wp-content\/uploads\/grotte-saint-marcel.jpg\" class=\"fusion-lightbox\" data-rel=\"iLightbox[d32786075b80f4fdaba]\" data-title=\"Die Grotte Saint-Marcel d&#8217;Ard\u00e8che\" title=\"Die Grotte Saint-Marcel d&#8217;Ard\u00e8che\"><img decoding=\"async\" width=\"600\" height=\"300\" alt=\"Die Grotte Saint-Marcel\" src=\"data:image\/svg+xml,%3Csvg%20xmlns%3D%27http%3A%2F%2Fwww.w3.org%2F2000%2Fsvg%27%20width%3D%271056%27%20height%3D%27704%27%20viewBox%3D%270%200%201056%20704%27%3E%3Crect%20width%3D%271056%27%20height%3D%27704%27%20fill-opacity%3D%220%22%2F%3E%3C%2Fsvg%3E\" data-orig-src=\"https:\/\/www.gard-camping.com\/wp-content\/uploads\/grotte-saint-marcel-600x300.jpg\" class=\"lazyload img-responsive wp-image-2249\"\/><\/a><\/span><\/div><\/div><div class=\"fusion-sep-clear\"><\/div><div class=\"fusion-separator fusion-full-width-sep\" style=\"margin-left: auto;margin-right: auto;margin-top:15px;width:100%;\"><\/div><div class=\"fusion-sep-clear\"><\/div><div class=\"fusion-clearfix\"><\/div><\/div><\/div><div class=\"fusion-layout-column fusion_builder_column fusion-builder-column-7 fusion_builder_column_3_5 3_5 fusion-three-fifth fusion-column-first\" style=\"--awb-bg-size:cover;width:60%;width:calc(60% - ( ( 4% ) * 0.6 ) );margin-right: 4%;\"><div class=\"fusion-column-wrapper fusion-column-has-shadow fusion-flex-column-wrapper-legacy\"><div class=\"fusion-title title fusion-title-5 fusion-sep-none fusion-title-text fusion-title-size-three\"><h3 class=\"fusion-title-heading title-heading-left fusion-responsive-typography-calculated\" style=\"margin:0;--fontSize:18;--minFontSize:18;line-height:1.5;\">Die Grotte La Cocali\u00e8re<\/h3><\/div><div class=\"fusion-text fusion-text-7\"><p>Die H\u00f6hle La Cocali\u00e8re befindet sich in der Gemeinde Courry, zwischen Al\u00e8s und Aubenas in der Ard\u00e8che.<\/p>\n<p>Es wird am Fu\u00dfe des Nationalparks der Cevennen er\u00f6ffnet, einem Welt-Biosph\u00e4renreservat, dessen Hauptaufgabe darin besteht, alle Formen des Kulturerbes zu sch\u00fctzen.<\/p>\n<\/div><div class=\"fusion-text fusion-text-8\"><p><strong>Anschrift<\/strong>: 30500 Courry<br \/>\n<strong>Telefon<\/strong>: +33 (0)4 66 24 34 74<\/p>\n<\/div><div class=\"fusion-clearfix\"><\/div><\/div><\/div><div class=\"fusion-layout-column fusion_builder_column fusion-builder-column-8 fusion_builder_column_2_5 2_5 fusion-two-fifth fusion-column-last galerie\" style=\"--awb-bg-size:cover;width:40%;width:calc(40% - ( ( 4% ) * 0.4 ) );\"><div class=\"fusion-column-wrapper fusion-column-has-shadow fusion-flex-column-wrapper-legacy\"><div class=\"fusion-image-element fusion-image-align-center in-legacy-container\" style=\"text-align:center;--awb-caption-title-font-family:var(--h2_typography-font-family);--awb-caption-title-font-weight:var(--h2_typography-font-weight);--awb-caption-title-font-style:var(--h2_typography-font-style);--awb-caption-title-size:var(--h2_typography-font-size);--awb-caption-title-transform:var(--h2_typography-text-transform);--awb-caption-title-line-height:var(--h2_typography-line-height);--awb-caption-title-letter-spacing:var(--h2_typography-letter-spacing);\"><div class=\"imageframe-align-center\"><span class=\" fusion-imageframe imageframe-none imageframe-4 hover-type-none\"><img decoding=\"async\" width=\"600\" height=\"300\" alt=\"Die Grotte La Cocali\u00e8re\" src=\"https:\/\/www.gard-camping.com\/wp-content\/uploads\/img.jpg\" data-orig-src=\"https:\/\/www.gard-camping.com\/wp-content\/uploads\/img-600x300.jpg\" class=\"lazyload img-responsive wp-image-2045\" srcset=\"data:image\/svg+xml,%3Csvg%20xmlns%3D%27http%3A%2F%2Fwww.w3.org%2F2000%2Fsvg%27%20width%3D%27800%27%20height%3D%27800%27%20viewBox%3D%270%200%20800%20800%27%3E%3Crect%20width%3D%27800%27%20height%3D%27800%27%20fill-opacity%3D%220%22%2F%3E%3C%2Fsvg%3E\" data-srcset=\"https:\/\/www.gard-camping.com\/wp-content\/uploads\/img-600x300.jpg 600w, https:\/\/www.gard-camping.com\/wp-content\/uploads\/img-800x400.jpg 800w\" data-sizes=\"auto\" data-orig-sizes=\"(max-width: 1000px) 100vw, 600px\" \/><\/span><\/div><\/div><div class=\"fusion-sep-clear\"><\/div><div class=\"fusion-separator fusion-full-width-sep\" style=\"margin-left: auto;margin-right: auto;margin-top:15px;width:100%;\"><\/div><div class=\"fusion-sep-clear\"><\/div><div class=\"fusion-clearfix\"><\/div><\/div><\/div><\/div><\/div>\n","protected":false},"excerpt":{"rendered":"","protected":false},"author":1,"featured_media":0,"parent":1765,"menu_order":0,"comment_status":"closed","ping_status":"closed","template":"100-width.php","meta":{"_acf_changed":false,"footnotes":""},"class_list":["post-3119","page","type-page","status-publish","hentry"],"acf":[],"_links":{"self":[{"href":"https:\/\/www.gard-camping.com\/de\/wp-json\/wp\/v2\/pages\/3119","targetHints":{"allow":["GET"]}}],"collection":[{"href":"https:\/\/www.gard-camping.com\/de\/wp-json\/wp\/v2\/pages"}],"about":[{"href":"https:\/\/www.gard-camping.com\/de\/wp-json\/wp\/v2\/types\/page"}],"author":[{"embeddable":true,"href":"https:\/\/www.gard-camping.com\/de\/wp-json\/wp\/v2\/users\/1"}],"replies":[{"embeddable":true,"href":"https:\/\/www.gard-camping.com\/de\/wp-json\/wp\/v2\/comments?post=3119"}],"version-history":[{"count":5,"href":"https:\/\/www.gard-camping.com\/de\/wp-json\/wp\/v2\/pages\/3119\/revisions"}],"predecessor-version":[{"id":3765,"href":"https:\/\/www.gard-camping.com\/de\/wp-json\/wp\/v2\/pages\/3119\/revisions\/3765"}],"up":[{"embeddable":true,"href":"https:\/\/www.gard-camping.com\/de\/wp-json\/wp\/v2\/pages\/1765"}],"wp:attachment":[{"href":"https:\/\/www.gard-camping.com\/de\/wp-json\/wp\/v2\/media?parent=3119"}],"curies":[{"name":"wp","href":"https:\/\/api.w.org\/{rel}","templated":true}]}}